{"id":515,"date":"2022-03-07T18:16:03","date_gmt":"2022-03-07T18:16:03","guid":{"rendered":"http:\/\/naturaingenieria.com\/?page_id=515"},"modified":"2022-03-07T18:29:55","modified_gmt":"2022-03-07T18:29:55","slug":"canal-de-riego-el-chilar","status":"publish","type":"page","link":"http:\/\/naturaingenieria.com\/index.php\/canal-de-riego-el-chilar\/","title":{"rendered":"Obras &#8211; Canal de Riego El Chilar"},"content":{"rendered":"\t\t<div data-elementor-type=\"wp-page\" data-elementor-id=\"515\" class=\"elementor elementor-515\">\n\t\t\t\t\t\t<section class=\"elementor-section elementor-top-section elementor-element elementor-element-44a136e elementor-section-content-middle elementor-section-boxed elementor-section-height-default elementor-section-height-default elementor-invisible\" data-id=\"44a136e\" data-element_type=\"section\" data-settings=\"{&quot;background_background&quot;:&quot;classic&quot;,&quot;shape_divider_top&quot;:&quot;mountains&quot;,&quot;shape_divider_bottom&quot;:&quot;mountains&quot;,&quot;animation&quot;:&quot;fadeInUp&quot;}\">\n\t\t\t\t\t<div class=\"elementor-shape elementor-shape-top\" aria-hidden=\"true\" data-negative=\"false\">\n\t\t\t<svg xmlns=\"http:\/\/www.w3.org\/2000\/svg\" viewBox=\"0 0 1000 100\" preserveAspectRatio=\"none\">\n\t<path class=\"elementor-shape-fill\" opacity=\"0.33\" d=\"M473,67.3c-203.9,88.3-263.1-34-320.3,0C66,119.1,0,59.7,0,59.7V0h1000v59.7 c0,0-62.1,26.1-94.9,29.3c-32.8,3.3-62.8-12.3-75.8-22.1C806,49.6,745.3,8.7,694.9,4.7S492.4,59,473,67.3z\"\/>\n\t<path class=\"elementor-shape-fill\" opacity=\"0.66\" d=\"M734,67.3c-45.5,0-77.2-23.2-129.1-39.1c-28.6-8.7-150.3-10.1-254,39.1 s-91.7-34.4-149.2,0C115.7,118.3,0,39.8,0,39.8V0h1000v36.5c0,0-28.2-18.5-92.1-18.5C810.2,18.1,775.7,67.3,734,67.3z\"\/>\n\t<path class=\"elementor-shape-fill\" d=\"M766.1,28.9c-200-57.5-266,65.5-395.1,19.5C242,1.8,242,5.4,184.8,20.6C128,35.8,132.3,44.9,89.9,52.5C28.6,63.7,0,0,0,0 h1000c0,0-9.9,40.9-83.6,48.1S829.6,47,766.1,28.9z\"\/>\n<\/svg>\t\t<\/div>\n\t\t\t\t<div class=\"elementor-shape elementor-shape-bottom\" aria-hidden=\"true\" data-negative=\"false\">\n\t\t\t<svg xmlns=\"http:\/\/www.w3.org\/2000\/svg\" viewBox=\"0 0 1000 100\" preserveAspectRatio=\"none\">\n\t<path class=\"elementor-shape-fill\" opacity=\"0.33\" d=\"M473,67.3c-203.9,88.3-263.1-34-320.3,0C66,119.1,0,59.7,0,59.7V0h1000v59.7 c0,0-62.1,26.1-94.9,29.3c-32.8,3.3-62.8-12.3-75.8-22.1C806,49.6,745.3,8.7,694.9,4.7S492.4,59,473,67.3z\"\/>\n\t<path class=\"elementor-shape-fill\" opacity=\"0.66\" d=\"M734,67.3c-45.5,0-77.2-23.2-129.1-39.1c-28.6-8.7-150.3-10.1-254,39.1 s-91.7-34.4-149.2,0C115.7,118.3,0,39.8,0,39.8V0h1000v36.5c0,0-28.2-18.5-92.1-18.5C810.2,18.1,775.7,67.3,734,67.3z\"\/>\n\t<path class=\"elementor-shape-fill\" d=\"M766.1,28.9c-200-57.5-266,65.5-395.1,19.5C242,1.8,242,5.4,184.8,20.6C128,35.8,132.3,44.9,89.9,52.5C28.6,63.7,0,0,0,0 h1000c0,0-9.9,40.9-83.6,48.1S829.6,47,766.1,28.9z\"\/>\n<\/svg>\t\t<\/div>\n\t\t\t\t\t<div class=\"elementor-container elementor-column-gap-no\">\n\t\t\t\t\t<div class=\"elementor-column elementor-col-100 elementor-top-column elementor-element elementor-element-6b3c572\" data-id=\"6b3c572\" data-element_type=\"column\">\n\t\t\t<div class=\"elementor-widget-wrap elementor-element-populated\">\n\t\t\t\t\t\t<div class=\"elementor-element elementor-element-fbc99ba elementor-widget elementor-widget-heading\" data-id=\"fbc99ba\" data-element_type=\"widget\" data-widget_type=\"heading.default\">\n\t\t\t\t<div class=\"elementor-widget-container\">\n\t\t\t\t\t<h1 class=\"elementor-heading-title elementor-size-default\">Canal de Riego El Chilar<\/h1>\t\t\t\t<\/div>\n\t\t\t\t<\/div>\n\t\t\t\t<div class=\"elementor-element elementor-element-e3327ce gallery-spacing-custom elementor-widget elementor-widget-image-gallery\" data-id=\"e3327ce\" data-element_type=\"widget\" data-widget_type=\"image-gallery.default\">\n\t\t\t\t<div class=\"elementor-widget-container\">\n\t\t\t\t\t\t\t<div class=\"elementor-image-gallery\">\n\t\t\t<div id='gallery-1' class='gallery galleryid-515 gallery-columns-2 gallery-size-full'><figure class='gallery-item'>\n\t\t\t<div class='gallery-icon landscape'>\n\t\t\t\t<a data-elementor-open-lightbox=\"yes\" data-elementor-lightbox-slideshow=\"e3327ce\" data-elementor-lightbox-title=\"El-Chilar-01\" data-e-action-hash=\"#elementor-action%3Aaction%3Dlightbox%26settings%3DeyJpZCI6NTE3LCJ1cmwiOiJodHRwOlwvXC9uYXR1cmFpbmdlbmllcmlhLmNvbVwvd3AtY29udGVudFwvdXBsb2Fkc1wvMjAyMlwvMDNcL0VsLUNoaWxhci0wMS5qcGciLCJzbGlkZXNob3ciOiJlMzMyN2NlIn0%3D\" href='http:\/\/naturaingenieria.com\/wp-content\/uploads\/2022\/03\/El-Chilar-01.jpg'><img fetchpriority=\"high\" decoding=\"async\" width=\"1366\" height=\"768\" src=\"http:\/\/naturaingenieria.com\/wp-content\/uploads\/2022\/03\/El-Chilar-01.jpg\" class=\"attachment-full size-full\" alt=\"\" srcset=\"http:\/\/naturaingenieria.com\/wp-content\/uploads\/2022\/03\/El-Chilar-01.jpg 1366w, http:\/\/naturaingenieria.com\/wp-content\/uploads\/2022\/03\/El-Chilar-01-300x169.jpg 300w, http:\/\/naturaingenieria.com\/wp-content\/uploads\/2022\/03\/El-Chilar-01-1024x576.jpg 1024w, http:\/\/naturaingenieria.com\/wp-content\/uploads\/2022\/03\/El-Chilar-01-768x432.jpg 768w\" sizes=\"(max-width: 1366px) 100vw, 1366px\" \/><\/a>\n\t\t\t<\/div><\/figure><figure class='gallery-item'>\n\t\t\t<div class='gallery-icon landscape'>\n\t\t\t\t<a data-elementor-open-lightbox=\"yes\" data-elementor-lightbox-slideshow=\"e3327ce\" data-elementor-lightbox-title=\"El-Chilar-02\" data-e-action-hash=\"#elementor-action%3Aaction%3Dlightbox%26settings%3DeyJpZCI6NTE4LCJ1cmwiOiJodHRwOlwvXC9uYXR1cmFpbmdlbmllcmlhLmNvbVwvd3AtY29udGVudFwvdXBsb2Fkc1wvMjAyMlwvMDNcL0VsLUNoaWxhci0wMi5qcGciLCJzbGlkZXNob3ciOiJlMzMyN2NlIn0%3D\" href='http:\/\/naturaingenieria.com\/wp-content\/uploads\/2022\/03\/El-Chilar-02.jpg'><img decoding=\"async\" width=\"1366\" height=\"768\" src=\"http:\/\/naturaingenieria.com\/wp-content\/uploads\/2022\/03\/El-Chilar-02.jpg\" class=\"attachment-full size-full\" alt=\"\" srcset=\"http:\/\/naturaingenieria.com\/wp-content\/uploads\/2022\/03\/El-Chilar-02.jpg 1366w, http:\/\/naturaingenieria.com\/wp-content\/uploads\/2022\/03\/El-Chilar-02-300x169.jpg 300w, http:\/\/naturaingenieria.com\/wp-content\/uploads\/2022\/03\/El-Chilar-02-1024x576.jpg 1024w, http:\/\/naturaingenieria.com\/wp-content\/uploads\/2022\/03\/El-Chilar-02-768x432.jpg 768w\" sizes=\"(max-width: 1366px) 100vw, 1366px\" \/><\/a>\n\t\t\t<\/div><\/figure><figure class='gallery-item'>\n\t\t\t<div class='gallery-icon landscape'>\n\t\t\t\t<a data-elementor-open-lightbox=\"yes\" data-elementor-lightbox-slideshow=\"e3327ce\" data-elementor-lightbox-title=\"El-Chilar-03\" data-e-action-hash=\"#elementor-action%3Aaction%3Dlightbox%26settings%3DeyJpZCI6NTE5LCJ1cmwiOiJodHRwOlwvXC9uYXR1cmFpbmdlbmllcmlhLmNvbVwvd3AtY29udGVudFwvdXBsb2Fkc1wvMjAyMlwvMDNcL0VsLUNoaWxhci0wMy5qcGciLCJzbGlkZXNob3ciOiJlMzMyN2NlIn0%3D\" href='http:\/\/naturaingenieria.com\/wp-content\/uploads\/2022\/03\/El-Chilar-03.jpg'><img decoding=\"async\" width=\"1366\" height=\"768\" src=\"http:\/\/naturaingenieria.com\/wp-content\/uploads\/2022\/03\/El-Chilar-03.jpg\" class=\"attachment-full size-full\" alt=\"\" srcset=\"http:\/\/naturaingenieria.com\/wp-content\/uploads\/2022\/03\/El-Chilar-03.jpg 1366w, http:\/\/naturaingenieria.com\/wp-content\/uploads\/2022\/03\/El-Chilar-03-300x169.jpg 300w, http:\/\/naturaingenieria.com\/wp-content\/uploads\/2022\/03\/El-Chilar-03-1024x576.jpg 1024w, http:\/\/naturaingenieria.com\/wp-content\/uploads\/2022\/03\/El-Chilar-03-768x432.jpg 768w\" sizes=\"(max-width: 1366px) 100vw, 1366px\" \/><\/a>\n\t\t\t<\/div><\/figure><figure class='gallery-item'>\n\t\t\t<div class='gallery-icon landscape'>\n\t\t\t\t<a data-elementor-open-lightbox=\"yes\" data-elementor-lightbox-slideshow=\"e3327ce\" data-elementor-lightbox-title=\"El-Chilar-04\" data-e-action-hash=\"#elementor-action%3Aaction%3Dlightbox%26settings%3DeyJpZCI6NTIwLCJ1cmwiOiJodHRwOlwvXC9uYXR1cmFpbmdlbmllcmlhLmNvbVwvd3AtY29udGVudFwvdXBsb2Fkc1wvMjAyMlwvMDNcL0VsLUNoaWxhci0wNC5qcGciLCJzbGlkZXNob3ciOiJlMzMyN2NlIn0%3D\" href='http:\/\/naturaingenieria.com\/wp-content\/uploads\/2022\/03\/El-Chilar-04.jpg'><img loading=\"lazy\" decoding=\"async\" width=\"1366\" height=\"768\" src=\"http:\/\/naturaingenieria.com\/wp-content\/uploads\/2022\/03\/El-Chilar-04.jpg\" class=\"attachment-full size-full\" alt=\"\" srcset=\"http:\/\/naturaingenieria.com\/wp-content\/uploads\/2022\/03\/El-Chilar-04.jpg 1366w, http:\/\/naturaingenieria.com\/wp-content\/uploads\/2022\/03\/El-Chilar-04-300x169.jpg 300w, http:\/\/naturaingenieria.com\/wp-content\/uploads\/2022\/03\/El-Chilar-04-1024x576.jpg 1024w, http:\/\/naturaingenieria.com\/wp-content\/uploads\/2022\/03\/El-Chilar-04-768x432.jpg 768w\" sizes=\"(max-width: 1366px) 100vw, 1366px\" \/><\/a>\n\t\t\t<\/div><\/figure>\n\t\t<\/div>\n\t\t<\/div>\n\t\t\t\t\t\t<\/div>\n\t\t\t\t<\/div>\n\t\t\t\t<div class=\"elementor-element elementor-element-da7b338 elementor-widget elementor-widget-text-editor\" data-id=\"da7b338\" data-element_type=\"widget\" data-widget_type=\"text-editor.default\">\n\t\t\t\t<div class=\"elementor-widget-container\">\n\t\t\t\t\t\t\t\t\t<p><span style=\"color: #000000;\">\u00a0 \u00a0 Obra ubicada en el Campo El Chilar, Tlaltizap\u00e1n, Morelos. <\/span><span style=\"color: #000000; font-style: inherit; font-weight: inherit; font-family: var( --e-global-typography-text-font-family ), Sans-serif;\">Se revisti\u00f3 un canal de riego de tierra con concreto, para el mejoramiento de la capacidad de conducci\u00f3n de agua, as\u00ed como tambi\u00e9n para la reducci\u00f3n de p\u00e9rdidas por filtraci\u00f3n.<\/span><\/p>\t\t\t\t\t\t\t\t<\/div>\n\t\t\t\t<\/div>\n\t\t\t\t\t<\/div>\n\t\t<\/div>\n\t\t\t\t\t<\/div>\n\t\t<\/section>\n\t\t\t\t<\/div>\n\t\t","protected":false},"excerpt":{"rendered":"<p>Canal de Riego El Chilar &nbsp; &nbsp; Obra ubicada en el Campo El Chilar, Tlaltizap\u00e1n, Morelos. Se revisti\u00f3 un canal de riego de tierra con concreto, para el mejoramiento de la capacidad de conducci\u00f3n de agua, as\u00ed como tambi\u00e9n para la reducci\u00f3n de p\u00e9rdidas por filtraci\u00f3n.<\/p>\n","protected":false},"author":1,"featured_media":0,"parent":0,"menu_order":0,"comment_status":"closed","ping_status":"closed","template":"","meta":{"site-sidebar-layout":"no-sidebar","site-content-layout":"page-builder","ast-site-content-layout":"default","site-content-style":"default","site-sidebar-style":"default","ast-global-header-display":"","ast-banner-title-visibility":"","ast-main-header-display":"","ast-hfb-above-header-display":"","ast-hfb-below-header-display":"","ast-hfb-mobile-header-display":"","site-post-title":"disabled","ast-breadcrumbs-content":"","ast-featured-img":"disabled","footer-sml-layout":"","ast-disable-related-posts":"","theme-transparent-header-meta":"","adv-header-id-meta":"","stick-header-meta":"","header-above-stick-meta":"","header-main-stick-meta":"","header-below-stick-meta":"","astra-migrate-meta-layouts":"default","ast-page-background-enabled":"default","ast-page-background-meta":{"desktop":{"background-color":"var(--ast-global-color-4)","background-image":"","background-repeat":"repeat","background-position":"center center","background-size":"auto","background-attachment":"scroll","background-type":"","background-media":"","overlay-type":"","overlay-color":"","overlay-opacity":"","overlay-gradient":""},"tablet":{"background-color":"","background-image":"","background-repeat":"repeat","background-position":"center center","background-size":"auto","background-attachment":"scroll","background-type":"","background-media":"","overlay-type":"","overlay-color":"","overlay-opacity":"","overlay-gradient":""},"mobile":{"background-color":"","background-image":"","background-repeat":"repeat","background-position":"center center","background-size":"auto","background-attachment":"scroll","background-type":"","background-media":"","overlay-type":"","overlay-color":"","overlay-opacity":"","overlay-gradient":""}},"ast-content-background-meta":{"desktop":{"background-color":"var(--ast-global-color-5)","background-image":"","background-repeat":"repeat","background-position":"center center","background-size":"auto","background-attachment":"scroll","background-type":"","background-media":"","overlay-type":"","overlay-color":"","overlay-opacity":"","overlay-gradient":""},"tablet":{"background-color":"var(--ast-global-color-5)","background-image":"","background-repeat":"repeat","background-position":"center center","background-size":"auto","background-attachment":"scroll","background-type":"","background-media":"","overlay-type":"","overlay-color":"","overlay-opacity":"","overlay-gradient":""},"mobile":{"background-color":"var(--ast-global-color-5)","background-image":"","background-repeat":"repeat","background-position":"center center","background-size":"auto","background-attachment":"scroll","background-type":"","background-media":"","overlay-type":"","overlay-color":"","overlay-opacity":"","overlay-gradient":""}},"footnotes":""},"class_list":["post-515","page","type-page","status-publish","hentry"],"_links":{"self":[{"href":"http:\/\/naturaingenieria.com\/index.php\/wp-json\/wp\/v2\/pages\/515","targetHints":{"allow":["GET"]}}],"collection":[{"href":"http:\/\/naturaingenieria.com\/index.php\/wp-json\/wp\/v2\/pages"}],"about":[{"href":"http:\/\/naturaingenieria.com\/index.php\/wp-json\/wp\/v2\/types\/page"}],"author":[{"embeddable":true,"href":"http:\/\/naturaingenieria.com\/index.php\/wp-json\/wp\/v2\/users\/1"}],"replies":[{"embeddable":true,"href":"http:\/\/naturaingenieria.com\/index.php\/wp-json\/wp\/v2\/comments?post=515"}],"version-history":[{"count":5,"href":"http:\/\/naturaingenieria.com\/index.php\/wp-json\/wp\/v2\/pages\/515\/revisions"}],"predecessor-version":[{"id":526,"href":"http:\/\/naturaingenieria.com\/index.php\/wp-json\/wp\/v2\/pages\/515\/revisions\/526"}],"wp:attachment":[{"href":"http:\/\/naturaingenieria.com\/index.php\/wp-json\/wp\/v2\/media?parent=515"}],"curies":[{"name":"wp","href":"https:\/\/api.w.org\/{rel}","templated":true}]}}