{"id":733,"date":"2025-03-25T00:14:58","date_gmt":"2025-03-25T00:14:58","guid":{"rendered":"http:\/\/naturaingenieria.com\/?page_id=733"},"modified":"2025-03-25T01:21:49","modified_gmt":"2025-03-25T01:21:49","slug":"politicas-de-integridad","status":"publish","type":"page","link":"http:\/\/naturaingenieria.com\/index.php\/politicas-de-integridad\/","title":{"rendered":"Politicas de Integridad"},"content":{"rendered":"\t\t<div data-elementor-type=\"wp-page\" data-elementor-id=\"733\" class=\"elementor elementor-733\">\n\t\t\t\t\t\t<section class=\"elementor-section elementor-top-section elementor-element elementor-element-f839cf5 elementor-section-boxed elementor-section-height-default elementor-section-height-default\" data-id=\"f839cf5\" data-element_type=\"section\">\n\t\t\t\t\t\t<div class=\"elementor-container elementor-column-gap-default\">\n\t\t\t\t\t<div class=\"elementor-column elementor-col-100 elementor-top-column elementor-element elementor-element-929d199\" data-id=\"929d199\" data-element_type=\"column\">\n\t\t\t<div class=\"elementor-widget-wrap elementor-element-populated\">\n\t\t\t\t\t\t<div class=\"elementor-element elementor-element-377aa1c elementor-widget elementor-widget-text-editor\" data-id=\"377aa1c\" data-element_type=\"widget\" data-widget_type=\"text-editor.default\">\n\t\t\t\t<div class=\"elementor-widget-container\">\n\t\t\t\t\t\t\t\t\t<p style=\"text-align: center;\">ELEMENTOS DE LA POLITICA DE INTEGRIDAD EMPRESARIAL DE NATURA INGENIERIA, S.A. DE C.V.<\/p>\n<p style=\"text-align: center;\"><a href=\"http:\/\/naturaingenieria.com\/wp-content\/uploads\/2025\/03\/PINT-1-MOP-1-F.pdf\">1. Manual de organizaci\u00f3n y procedimientos (MOP).<\/a><\/p>\n<p style=\"text-align: center;\"><a href=\"http:\/\/naturaingenieria.com\/wp-content\/uploads\/2025\/03\/PINT-2-CC-2-F.pdf\">2. C\u00f3digo de conducta (CC).<\/a><\/p>\n<p style=\"text-align: center;\"><a href=\"http:\/\/naturaingenieria.com\/wp-content\/uploads\/2025\/03\/PINT-3-SCVA-1-F.pdf\">3. Sistema de control, vigilancia y auditor\u00eda (SCVA).<\/a><\/p>\n<p style=\"text-align: center;\"><a href=\"http:\/\/naturaingenieria.com\/wp-content\/uploads\/2025\/03\/PINT-4-SD-2-F.pdf\">4. Sistema de denuncias (SD).<\/a><\/p>\n<p style=\"text-align: center;\"><a href=\"http:\/\/naturaingenieria.com\/wp-content\/uploads\/2025\/03\/PINT-5-SPEC-1-F.pdf\">5. Sistema y proceso de entrenamiento y capacitaci\u00f3n (SPEC).<\/a><\/p>\n<p style=\"text-align: center;\"><a href=\"http:\/\/naturaingenieria.com\/wp-content\/uploads\/2025\/03\/PINT-6-PRH-1-F.pdf\">6. Pol\u00edtica de recursos humanos (PRH).<\/a><\/p>\n<p style=\"text-align: center;\"><a href=\"http:\/\/naturaingenieria.com\/wp-content\/uploads\/2025\/03\/PINT-7-MTP-1-F.pdf\">7. Mecanismos de transparencia y publicidad (MTP).<\/a><\/p>\n<p style=\"text-align: center;\"><br><\/p><p style=\"text-align: center;\">Correo Electr\u00f3nico Dedicado: <a href=\"mailto:pie@naturaingenieria.com\">pie@naturaingenieria.com<\/a><\/p>\t\t\t\t\t\t\t\t<\/div>\n\t\t\t\t<\/div>\n\t\t\t\t\t<\/div>\n\t\t<\/div>\n\t\t\t\t\t<\/div>\n\t\t<\/section>\n\t\t\t\t<\/div>\n\t\t","protected":false},"excerpt":{"rendered":"<p>ELEMENTOS DE LA POLITICA DE INTEGRIDAD EMPRESARIAL DE NATURA INGENIERIA, S.A. DE C.V. 1. Manual de organizaci\u00f3n y procedimientos (MOP). 2. C\u00f3digo de conducta (CC). 3. Sistema de control, vigilancia y auditor\u00eda (SCVA). 4. Sistema de denuncias (SD). 5. Sistema y proceso de entrenamiento y capacitaci\u00f3n (SPEC). 6. Pol\u00edtica de recursos humanos (PRH). 7. Mecanismos [&hellip;]<\/p>\n","protected":false},"author":1,"featured_media":0,"parent":0,"menu_order":0,"comment_status":"closed","ping_status":"closed","template":"","meta":{"site-sidebar-layout":"no-sidebar","site-content-layout":"page-builder","ast-site-content-layout":"full-width-container","site-content-style":"default","site-sidebar-style":"default","ast-global-header-display":"","ast-banner-title-visibility":"","ast-main-header-display":"","ast-hfb-above-header-display":"","ast-hfb-below-header-display":"","ast-hfb-mobile-header-display":"","site-post-title":"disabled","ast-breadcrumbs-content":"","ast-featured-img":"disabled","footer-sml-layout":"","ast-disable-related-posts":"","theme-transparent-header-meta":"","adv-header-id-meta":"","stick-header-meta":"","header-above-stick-meta":"","header-main-stick-meta":"","header-below-stick-meta":"","astra-migrate-meta-layouts":"set","ast-page-background-enabled":"default","ast-page-background-meta":{"desktop":{"background-color":"var(--ast-global-color-4)","background-image":"","background-repeat":"repeat","background-position":"center center","background-size":"auto","background-attachment":"scroll","background-type":"","background-media":"","overlay-type":"","overlay-color":"","overlay-gradient":""},"tablet":{"background-color":"","background-image":"","background-repeat":"repeat","background-position":"center center","background-size":"auto","background-attachment":"scroll","background-type":"","background-media":"","overlay-type":"","overlay-color":"","overlay-gradient":""},"mobile":{"background-color":"","background-image":"","background-repeat":"repeat","background-position":"center center","background-size":"auto","background-attachment":"scroll","background-type":"","background-media":"","overlay-type":"","overlay-color":"","overlay-gradient":""}},"ast-content-background-meta":{"desktop":{"background-color":"var(--ast-global-color-5)","background-image":"","background-repeat":"repeat","background-position":"center center","background-size":"auto","background-attachment":"scroll","background-type":"","background-media":"","overlay-type":"","overlay-color":"","overlay-gradient":""},"tablet":{"background-color":"var(--ast-global-color-5)","background-image":"","background-repeat":"repeat","background-position":"center center","background-size":"auto","background-attachment":"scroll","background-type":"","background-media":"","overlay-type":"","overlay-color":"","overlay-gradient":""},"mobile":{"background-color":"var(--ast-global-color-5)","background-image":"","background-repeat":"repeat","background-position":"center center","background-size":"auto","background-attachment":"scroll","background-type":"","background-media":"","overlay-type":"","overlay-color":"","overlay-gradient":""}},"footnotes":""},"class_list":["post-733","page","type-page","status-publish","hentry"],"_links":{"self":[{"href":"http:\/\/naturaingenieria.com\/index.php\/wp-json\/wp\/v2\/pages\/733","targetHints":{"allow":["GET"]}}],"collection":[{"href":"http:\/\/naturaingenieria.com\/index.php\/wp-json\/wp\/v2\/pages"}],"about":[{"href":"http:\/\/naturaingenieria.com\/index.php\/wp-json\/wp\/v2\/types\/page"}],"author":[{"embeddable":true,"href":"http:\/\/naturaingenieria.com\/index.php\/wp-json\/wp\/v2\/users\/1"}],"replies":[{"embeddable":true,"href":"http:\/\/naturaingenieria.com\/index.php\/wp-json\/wp\/v2\/comments?post=733"}],"version-history":[{"count":13,"href":"http:\/\/naturaingenieria.com\/index.php\/wp-json\/wp\/v2\/pages\/733\/revisions"}],"predecessor-version":[{"id":755,"href":"http:\/\/naturaingenieria.com\/index.php\/wp-json\/wp\/v2\/pages\/733\/revisions\/755"}],"wp:attachment":[{"href":"http:\/\/naturaingenieria.com\/index.php\/wp-json\/wp\/v2\/media?parent=733"}],"curies":[{"name":"wp","href":"https:\/\/api.w.org\/{rel}","templated":true}]}}